{"id":1166,"date":"2025-02-03T21:38:36","date_gmt":"2025-02-03T21:38:36","guid":{"rendered":"https:\/\/nestinmobiliaria.com\/?page_id=1166"},"modified":"2025-02-03T21:38:36","modified_gmt":"2025-02-03T21:38:36","slug":"aviso-legal","status":"publish","type":"page","link":"https:\/\/nestinmobiliaria.com\/index.php\/aviso-legal\/","title":{"rendered":"Aviso legal"},"content":{"rendered":"[vc_row type=\u00bbin_container\u00bb full_screen_row_position=\u00bbmiddle\u00bb column_margin=\u00bbdefault\u00bb column_direction=\u00bbdefault\u00bb column_direction_tablet=\u00bbdefault\u00bb column_direction_phone=\u00bbdefault\u00bb scene_position=\u00bbcenter\u00bb text_color=\u00bbdark\u00bb text_align=\u00bbleft\u00bb row_border_radius=\u00bbnone\u00bb row_border_radius_applies=\u00bbbg\u00bb overflow=\u00bbvisible\u00bb overlay_strength=\u00bb0.3&#8243; gradient_direction=\u00bbleft_to_right\u00bb shape_divider_position=\u00bbbottom\u00bb bg_image_animation=\u00bbnone\u00bb][vc_column column_padding=\u00bbno-extra-padding\u00bb column_padding_tablet=\u00bbinherit\u00bb column_padding_phone=\u00bbinherit\u00bb column_padding_position=\u00bball\u00bb column_element_direction_desktop=\u00bbdefault\u00bb column_element_spacing=\u00bbdefault\u00bb desktop_text_alignment=\u00bbdefault\u00bb tablet_text_alignment=\u00bbdefault\u00bb phone_text_alignment=\u00bbdefault\u00bb background_color_opacity=\u00bb1&#8243; background_hover_color_opacity=\u00bb1&#8243; column_backdrop_filter=\u00bbnone\u00bb column_shadow=\u00bbnone\u00bb column_border_radius=\u00bbnone\u00bb column_link_target=\u00bb_self\u00bb column_position=\u00bbdefault\u00bb gradient_direction=\u00bbleft_to_right\u00bb overlay_strength=\u00bb0.3&#8243; width=\u00bb1\/1&#8243; tablet_width_inherit=\u00bbdefault\u00bb animation_type=\u00bbdefault\u00bb bg_image_animation=\u00bbnone\u00bb border_type=\u00bbsimple\u00bb column_border_width=\u00bbnone\u00bb column_border_style=\u00bbsolid\u00bb][vc_column_text css=\u00bb\u00bb text_direction=\u00bbdefault\u00bb]\n<section class=\"detailsHeader\">\n<div class=\"container extraLargeContainer--smaller\">\n<div class=\"detailsHeader__inner\">\n<div class=\"detailsHeader__left\">\n<h1 class=\"detailsHeader__title\">T\u00e9rminos y condiciones<\/h1>\n<p>&nbsp;<\/p>\n<\/div>\n<\/div>\n<\/div>\n<\/section>\n<div class=\"container extraLargeContainer--smaller\">\n<div class=\"detailLayout clearfix\">\n<div class=\"detailLayout__left\">\n<section class=\"contentDetail__textWrap\">\n<div class=\"contentDetail__content js-cmsContent\">\n<h2><strong>1. Introducci\u00f3n<\/strong><\/h2>\n<p>Los presentes T\u00e9rminos y Condiciones regulan el acceso y la utilizaci\u00f3n de la p\u00e1gina web www.nestinmobiliaria.com, responsable de Nest Ib\u00e9rica, S.L., sociedad con sede en Plaza Flores, 1 de Almer\u00eda (en adelante \u00abNEST Inmobiliaria\u00bb). Toda cuesti\u00f3n legal referente a la p\u00e1gina web podr\u00e1n ser consultada en los apartados de <a href=\"https:\/\/nestinmobiliaria.com\/index.php\/politica-privacidad\/\" target=\"_blank\" rel=\"noopener\">Pol\u00edtica de Protecci\u00f3n de Datos<\/a>\u00a0y\u00a0<a href=\"https:\/\/nestinmobiliaria.com\/index.php\/politica-cookies\/\" target=\"_blank\" rel=\"noopener\">Pol\u00edtica de Cookies<\/a>, las cuales constituyen una parte integrante de los presentes T\u00e9rminos y Condiciones.<\/p>\n<p>El uso de esta p\u00e1gina web por cualquier usuario ser\u00e1 regulado por los siguientes T\u00e9rminos y Condiciones; su uso implicar\u00e1 la aceptaci\u00f3n de dichos T\u00e9rminos y Condiciones por el usuario. Si el usuario rechaza los presentes T\u00e9rminos y Condiciones, debe dejar de utilizar la p\u00e1gina web.<\/p>\n<p>NEST Inmobiliaria podr\u00e1 modificar o actualizar, total o parcialmente, los presentes T\u00e9rminos y Condiciones, as\u00ed como la Pol\u00edtica de Protecci\u00f3n de Datos. Toda modificaci\u00f3n o actualizaci\u00f3n de los presentes T\u00e9rminos y Condiciones, as\u00ed como los de la Pol\u00edtica de Protecci\u00f3n de Datos, entrar\u00e1 en vigor tras su publicaci\u00f3n en la respectiva secci\u00f3n de la p\u00e1gina web. Se aconseja a los usuarios que consulten regularmente las secciones de T\u00e9rminos y Condiciones,\u00a0Pol\u00edtica de Protecci\u00f3n de Datos\u00a0y\u00a0Pol\u00edtica de Cookies\u00a0para verificar las versiones m\u00e1s actualizadas.<\/p>\n<p>El acceso y utilizaci\u00f3n de la p\u00e1gina web estar\u00e1n disponibles exclusivamente para el uso personal y para la venta de bienes y servicios, el pago de los bienes o servicios solicitados, la venta de productos o servicios considerados de inter\u00e9s para los usuarios de la p\u00e1gina web, o para comunicarse con los mismos para otros fines (los \u00abProductos\u00bb).<\/p>\n<p>NEST Inmobiliaria se reserva el derecho a evaluar de forma discrecional el cumplimiento de los presentes T\u00e9rminos y Condiciones por parte de cualquier usuario. La violaci\u00f3n de los T\u00e9rminos y Condiciones podr\u00e1 implicar la retirada de la licencia de uso concedida por NEST Inmobiliaria, en los t\u00e9rminos de la presente Cl\u00e1usula 1, as\u00ed como ejercer sus derechos en su m\u00e1xima extensi\u00f3n posible permitida por la ley.<\/p>\n<p>Los usuarios se comprometen a indemnizar y exonerar a NEST Inmobiliaria, a sus filiales y a las empresas del grupo, as\u00ed como representantes legales, socios y trabajadores, de cualquier da\u00f1o, responsabilidad, reclamaci\u00f3n o pedido de compensaci\u00f3n, incluyendo gastos y costes de representaci\u00f3n, solicitados por terceros en consecuencia de la utilizaci\u00f3n de la p\u00e1gina web en t\u00e9rminos disconformes a los presentes T\u00e9rminos y Condiciones, y\/o en virtud de la violaci\u00f3n de las condiciones previstas en los mismos, y\/o resultantes del incumplimiento de las representaciones y garant\u00edas incluidas en los presentes T\u00e9rminos y Condiciones.<\/p>\n<h2><strong>2. Licencia<\/strong><\/h2>\n<p>Sin perjuicio de lo incluido en las dem\u00e1s cl\u00e1usulas de los presentes T\u00e9rminos y Condiciones, NEST Inmobiliaria autoriza a cualquier usuario a utilizar esta p\u00e1gina web con prop\u00f3sitos personales o informativos conforme a lo estipulado en los presentes T\u00e9rminos y Condiciones. La licencia de uso podr\u00e1 ser revocada por NEST Inmobiliaria discrecionalmente y en cualquier momento.<\/p>\n<p>En los t\u00e9rminos de la ley y de los presentes T\u00e9rminos y Condiciones, el usuario no podr\u00e1 copiar, utilizar, transferir, alquilar, sublicenciar, alterar, adaptar, intentar modificar o alterar el c\u00f3digo fuente, efectuar operaciones de ingenier\u00eda inversa, descompilar o desmontar, total o parcialmente, el contenido de la p\u00e1gina web. Al acceder a la p\u00e1gina web, el usuario reconoce y acepta que el contenido del mismo podr\u00e1 estar incompleto, impreciso, desactualizado, o que podr\u00e1 no satisfacer sus necesidades y requisitos.<\/p>\n<h2><strong>3. Contenido y Limitaci\u00f3n de Responsabilidad de NEST Inmobiliaria<\/strong><\/h2>\n<p>El acceso y utilizaci\u00f3n de la p\u00e1gina web, incluyendo la visualizaci\u00f3n de p\u00e1ginas web, constituyen actividades efectuadas por los usuarios.<\/p>\n<p>Los usuarios son los \u00fanicos y exclusivos responsables de la utilizaci\u00f3n de la p\u00e1gina web y de sus contenidos. NEST Inmobiliaria no es responsable, ni asume responsabilidades por la utilizaci\u00f3n (de existir) de la p\u00e1gina web disconforme a las disposiciones legales en vigor.<\/p>\n<p>En concreto, los usuarios son los \u00fanicos responsables de la comunicaci\u00f3n de informaci\u00f3n o datos incorrectos, falsos, o de terceros sin su consentimiento, as\u00ed como de la utilizaci\u00f3n incorrecta de los mismos.<\/p>\n<p>Los contenidos de la p\u00e1gina web pueden tener incorrecciones o erratas. NEST Inmobiliaria no es responsable, ni podr\u00e1 responsabilizarse, de cualquier medio o modo, por las incorrecciones o errores, da\u00f1os (de existir) causados o resultantes de la utilizaci\u00f3n de informaci\u00f3n derivada de la p\u00e1gina web, o a trav\u00e9s de la p\u00e1gina web, por parte de los usuarios. El usuario es el \u00fanico y exclusivo responsable de la evaluaci\u00f3n de la informaci\u00f3n y los contenidos obtenidos mediante la p\u00e1gina web.<\/p>\n<p>La p\u00e1gina web y toda la informaci\u00f3n y contenidos publicados en la misma pueden modificarse por NEST Inmobiliaria en cualquier momento, peri\u00f3dicamente y\/o sin previo aviso.<\/p>\n<p>Considerando que cualquier contenido descargado, u obtenido por otro medio, resulta de decisi\u00f3n libre del usuario y se efect\u00faan por su cuenta y riesgo, cualquier da\u00f1o (de existir) a los ordenadores o p\u00e9rdida de datos resultantes de operaciones de descarga efectuada por el utilizador, ser\u00e1 de exclusiva responsabilidad del usuario y no podr\u00e1 ser imputada a NEST Inmobiliaria. NEST Inmobiliaria no asume ninguna responsabilidad por da\u00f1os (de existir) resultantes de la imposibilidad de acceso a los servicios disponibles a trav\u00e9s de la p\u00e1gina web o por da\u00f1os (de existir) causados por virus, archivos da\u00f1ados, errores, omisiones, interrupciones del servicio, cancelaci\u00f3n de contenidos, cuestiones relacionadas con Internet, proveedores de servicios o con alg\u00fan enlace telef\u00f3nico y\/o telem\u00e1tico, accesos no autorizados, alteraciones de datos, o relacionados con la inexistencia y\/o deficiente funcionamiento de dispositivos electr\u00f3nicos del usuario.<\/p>\n<p>El usuario es responsable del almacenamiento y la correcta utilizaci\u00f3n de su informaci\u00f3n personal, bien como responsable de cualquier da\u00f1o o perjuicio causado a NEST Inmobiliaria o a terceras partes, como resultado de la utilizaci\u00f3n incorrecta, p\u00e9rdida o robo de la informaci\u00f3n personal.<\/p>\n<p>En los casos previstos, el usuario es responsable del almacenamiento y correcto uso de sus credenciales, las cuales permiten el acceso a \u00e1reas reservadas de servicios (de existir). En esas circunstancias, el usuario ser\u00e1 responsable de crear su nombre de usuario y contrase\u00f1a. El usuario ser\u00e1 tambi\u00e9n responsable por la prestaci\u00f3n de informaci\u00f3n espec\u00edfica, la cual deber\u00e1 ser correcta y estar actualizada. El usuario no podr\u00e1 elegir un nombre de usuario perteneciente a un tercero intentando utilizar su identidad. El usuario no podr\u00e1, del mismo modo, utilizar el nombre de usuario de un tercero sin su consentimiento expreso.<\/p>\n<p>El usuario deber\u00e1 garantizar la confidencialidad de su contrase\u00f1a y no deber\u00e1 compartir la misma con terceros.<\/p>\n<p>El usuario es entera y exclusivamente responsable de cualquier acci\u00f3n efectuada a trav\u00e9s de su cuenta de usuario (de existir), directamente o mediante terceros autorizados por el usuario. NEST Inmobiliaria podr\u00e1 revocar la licencia, discrecionalmente y en cualquier momento, si se identifica la pr\u00e1ctica de cualquier acto abusivo, fraudulento o ilegal.<\/p>\n<p>NEST Inmobiliaria promovi\u00f3 la adopci\u00f3n de medidas t\u00e9cnicas y organizadoras adecuadas para salvaguardar la seguridad de los servicios prestados a trav\u00e9s de la p\u00e1gina web, asegurar la integridad de los datos de tr\u00e1fico electr\u00f3nico relacionados con las formas de utilizaci\u00f3n o conocimiento no autorizadas, as\u00ed como para evitar riesgos de propagaci\u00f3n, destrucci\u00f3n o p\u00e9rdida de datos e informaci\u00f3n confidencial o no confidencial de sus usuarios, que formen parte de la p\u00e1gina web, o relacionados con el acceso \u2013 no autorizado o en incumplimiento con las disposiciones legales aplicables \u2013 a los referidos datos personales e informaci\u00f3n.<\/p>\n<p>NEST Inmobiliaria no garantiza, ni podr\u00e1 garantizar, que la p\u00e1gina web est\u00e9 libre de virus o de cualquier otro elemento que pueda afectar negativamente a la tecnolog\u00eda.<\/p>\n<h2><strong>4. Acceso a la p\u00e1gina web. Interrupci\u00f3n y Suspensi\u00f3n.<\/strong><\/h2>\n<p>NEST Inmobiliaria est\u00e1 haciendo todo lo posible para disponer de un acceso continuo a la p\u00e1gina web, contenido, el acceso a la p\u00e1gina web podr\u00e1 suspenderse, limitarse o interrumpirse en cualquier momento independientemente del motivo. El acceso a la p\u00e1gina web podr\u00e1 limitarse ocasionalmente para permitir la recuperaci\u00f3n, mantenimiento o introducci\u00f3n de nuevas funcionalidades o servicios. NEST Inmobiliaria est\u00e1 haciendo todo lo posible para recuperar el acceso en el menor tiempo posible. NEST Inmobiliaria se reserva el derecho de bloquear el acceso a cualquier material y\/o eliminar cualquier material que pueda, a su entender, provocar una violaci\u00f3n de los presentes T\u00e9rminos y Condiciones.<\/p>\n<p>NEST Inmobiliaria se reserva el derecho de cerrar las cuentas de usuarios (de existir) que violen los presentes T\u00e9rminos y Condiciones, incluyendo las situaciones en las que se verifique que el usuario utiliza direcciones de IP proxy para intentar ocultar la utilizaci\u00f3n de cuentas m\u00faltiples, o que pretenda identificarse como usuario de un pa\u00eds diferente de en el que realmente se encuentra, o cause alteraciones en el funcionamiento de la p\u00e1gina web por cualquier medio.<\/p>\n<h2><strong>5. Protecci\u00f3n de Datos Personales<\/strong><\/h2>\n<p>Se aconseja a los usuarios que lean y analicen la Pol\u00edtica de Protecci\u00f3n de Datos, la cual constituye una parte integrante de los presentes T\u00e9rminos y Condiciones, para comprender c\u00f3mo la p\u00e1gina web recoge y utiliza los datos personales de los usuarios y sus respectivas finalidades.<\/p>\n<h2><strong>6. Derechos de Propiedad Intelectual<\/strong><\/h2>\n<p>Todos los derechos reservados La p\u00e1gina web y todos sus contenidos, incluyendo sin limitar, art\u00edculos, opiniones, otros textos, listas, manuales de uso, fotograf\u00edas, dise\u00f1os, im\u00e1genes, clips de v\u00eddeo o audio, o textos de marketing, as\u00ed como marcas, logotipos, nombres de dominio, y cualquier otro elemento que puedan comprender los derechos de propiedad (incluyendo c\u00f3digos fuente) y\/u otras modalidades de derechos de propiedad intelectual (de aqu\u00ed en adelante \u00abMaterial\u00bb), son propiedad de NEST Inmobiliaria o de terceros y est\u00e1n protegidos contra su utilizaci\u00f3n, la copia o divulgaci\u00f3n no autorizada por las leyes nacionales y tratados internacionales relativos a los Derechos de Propiedad Intelectual. Ninguna de las disposiciones de los T\u00e9rminos y Condiciones y\/o sus contenidos incluidos en la p\u00e1gina web podr\u00e1n ser interpretados como confiriendo impl\u00edcitamente, aceptando o por cualquier otro medio dando licencia de utilizaci\u00f3n de cualquier Material por cualquier medio, sin el previo consentimiento escrito de NEST Inmobiliaria o de propietarios terceros del Material o de los derechos de propiedad intelectual publicados en la p\u00e1gina web. La utilizaci\u00f3n, copia, reproducci\u00f3n, modificaci\u00f3n, republicaci\u00f3n, actualizaci\u00f3n, descarga, env\u00edo por correo electr\u00f3nico, transmisi\u00f3n, distribuci\u00f3n o duplicado, o cualquier otro acto abusivo del Material no identificado espec\u00edficamente, pero de id\u00e9ntica naturaleza, est\u00e1n prohibidos. En su calidad de usuario de la p\u00e1gina web, el usuario se compromete a no utilizar el Material para fines ilegales y a no violar los derechos de NEST Inmobiliaria.<\/p>\n<p>El usuario podr\u00e1, sin embargo, visualizar y mostrar el contenido de la p\u00e1gina web y\/o Material en la pantalla de un ordenador, tablet o tel\u00e9fono m\u00f3vil, almacenar ese contenido en formato electr\u00f3nico en el disco (pero no en un servidor ni en un dispositivo de memoria conectado a Internet) o imprimir una copia de tal contenido para su uso personal y no comercial, debiendo aun as\u00ed, mantener toda la informaci\u00f3n relacionada con los derechos de propiedad intelectual.<\/p>\n<p>El acceso a la p\u00e1gina web no confiere al usuario cualquier derecho sobre el contenido puesto a disposici\u00f3n por NEST Inmobiliaria.<\/p>\n<h2><strong>7. Enlaces a otras p\u00e1ginas web<\/strong><\/h2>\n<p>En caso de que la p\u00e1gina web haga disponibles enlaces (\u00abLinks\u00bb) a p\u00e1ginas web de terceros o para contenidos puestos a su disposici\u00f3n por terceros (\u00abOtras p\u00e1ginas web\u00bb), NEST Inmobiliaria por la presente informa de que los enlaces a tales Otras p\u00e1ginas web se incluyen con fines exclusivamente informativos y comodidad del usuario. NEST Inmobiliaria no controla las otras p\u00e1ginas web y, por eso, no se responsabiliza por tales Otras p\u00e1ginas web o por el contenido que pongan a disposici\u00f3n (incluyendo sin limitar, referencias a redes sociales) y no se responsabiliza por cualquier da\u00f1o o perjuicio que puedan resultar de la utilizaci\u00f3n de Otras p\u00e1ginas web por el usuario, as\u00ed como en cuanto al tratamiento de datos personales durante las operaciones de navegaci\u00f3n en Internet. El acceso a cualquier otra p\u00e1gina web, mediante un enlace existente en la p\u00e1gina web de NEST Inmobiliaria, se efectuar\u00e1 con exclusiva responsabilidad y riesgo del usuario.<\/p>\n<p>El usuario deber\u00e1, adem\u00e1s, prestar particular atenci\u00f3n cuando se conecte a otras p\u00e1ginas web a trav\u00e9s de enlaces existentes en la p\u00e1gina web de NEST Inmobiliaria y leer con atenci\u00f3n los respectivos t\u00e9rminos y condiciones y pol\u00edticas de Protecci\u00f3n de Datos.<\/p>\n<h2><strong>8. Representaciones y garant\u00edas del usuario<\/strong><\/h2>\n<p>El usuario reconoce y declara que:<\/p>\n<p>a.\u00a0\u00a0\u00a0\u00a0\u00a0 Ley\u00f3 y comprendi\u00f3 los presentes T\u00e9rminos y Condiciones;<\/p>\n<p>b.\u00a0\u00a0\u00a0\u00a0\u00a0 Se abstendr\u00e1 de reproducir, duplicar, copiar, vender, revender, o por alg\u00fan medio explotar comercialmente la p\u00e1gina web o su contenido, o parte del mismo, as\u00ed como se abstendr\u00e1 de utilizar o reproducir las marcas o cualquier derecho de propiedad intelectual o industrial de NEST Inmobiliaria;<\/p>\n<p>c.\u00a0\u00a0\u00a0\u00a0\u00a0 No publicar\u00e1 o utilizar\u00e1 informaci\u00f3n falsa, injuriosa o difamatoria;<\/p>\n<p>d.\u00a0\u00a0\u00a0\u00a0\u00a0 Se abstendr\u00e1 de utilizar, directa o indirectamente, los servicios o la p\u00e1gina web para fines contrarios a la ley o disconformes con los principios incluidos en los presentes T\u00e9rminos y Condiciones;<\/p>\n<p>e.\u00a0\u00a0\u00a0\u00a0\u00a0 No propagar\u00e1 virus, spyware, adware, rootkit, backdoor o virus troyanos u otras amenazas inform\u00e1ticas similares;<\/p>\n<p>f.\u00a0\u00a0\u00a0\u00a0\u00a0\u00a0 No utilizar\u00e1 software u otros mecanismos autom\u00e1ticos o de manuales para copiar o acceder al control de la p\u00e1gina web o de su contenido.<\/p>\n<h2><strong>9. Disposiciones Diversas<\/strong><\/h2>\n<p>La nulidad de alguna de las disposiciones incluidas en los presentes T\u00e9rminos y Condiciones ser\u00e1 por la eliminaci\u00f3n de estos, permaneciendo las restantes disposiciones del mismo totalmente en vigor y produciendo sus efectos.<\/p>\n<p>El presente contrato se regir\u00e1 por el derecho espa\u00f1ol y se interpretar\u00e1 de acuerdo con la ley espa\u00f1ola, de conformidad con los contratos celebrados y ejecutados en este pa\u00eds. A falta de acuerdo amistoso entre las partes, los respectivos conflictos y disputas de cualquier naturaleza relativos a la formaci\u00f3n, ejecuci\u00f3n o interpretaci\u00f3n del presente Contrato, se resolver\u00e1n definitivamente por los Tribunales Judiciales de Almer\u00eda, con renuncia expresa a cualquier otros.<\/p>\n<p>El usuario podr\u00e1 contactar con el Servicio de Cliente para cualquier cuesti\u00f3n relacionada con los T\u00e9rminos y Condiciones o para cualquier cuesti\u00f3n relacionada con el uso de la p\u00e1gina web, mediante carta certificada con acuse de recibo al domicilio Plaza Flores, 1, 04001. Almer\u00eda o al correo electr\u00f3nico almeria@nestinmobiliaria.com.<\/p>\n<\/div>\n<\/section>\n<\/div>\n<\/div>\n<\/div>\n[\/vc_column_text][\/vc_column][\/vc_row]\n","protected":false},"excerpt":{"rendered":"<p>[vc_row type=\u00bbin_container\u00bb full_screen_row_position=\u00bbmiddle\u00bb column_margin=\u00bbdefault\u00bb column_direction=\u00bbdefault\u00bb column_direction_tablet=\u00bbdefault\u00bb column_direction_phone=\u00bbdefault\u00bb scene_position=\u00bbcenter\u00bb text_color=\u00bbdark\u00bb text_align=\u00bbleft\u00bb row_border_radius=\u00bbnone\u00bb row_border_radius_applies=\u00bbbg\u00bb overflow=\u00bbvisible\u00bb overlay_strength=\u00bb0.3&#8243; gradient_direction=\u00bbleft_to_right\u00bb shape_divider_position=\u00bbbottom\u00bb bg_image_animation=\u00bbnone\u00bb][vc_column column_padding=\u00bbno-extra-padding\u00bb column_padding_tablet=\u00bbinherit\u00bb column_padding_phone=\u00bbinherit\u00bb column_padding_position=\u00bball\u00bb column_element_direction_desktop=\u00bbdefault\u00bb column_element_spacing=\u00bbdefault\u00bb desktop_text_alignment=\u00bbdefault\u00bb tablet_text_alignment=\u00bbdefault\u00bb phone_text_alignment=\u00bbdefault\u00bb background_color_opacity=\u00bb1&#8243; background_hover_color_opacity=\u00bb1&#8243; column_backdrop_filter=\u00bbnone\u00bb column_shadow=\u00bbnone\u00bb&#8230;<\/p>\n","protected":false},"author":1,"featured_media":0,"parent":0,"menu_order":0,"comment_status":"closed","ping_status":"closed","template":"","meta":{"footnotes":""},"class_list":["post-1166","page","type-page","status-publish"],"_links":{"self":[{"href":"https:\/\/nestinmobiliaria.com\/index.php\/wp-json\/wp\/v2\/pages\/1166","targetHints":{"allow":["GET"]}}],"collection":[{"href":"https:\/\/nestinmobiliaria.com\/index.php\/wp-json\/wp\/v2\/pages"}],"about":[{"href":"https:\/\/nestinmobiliaria.com\/index.php\/wp-json\/wp\/v2\/types\/page"}],"author":[{"embeddable":true,"href":"https:\/\/nestinmobiliaria.com\/index.php\/wp-json\/wp\/v2\/users\/1"}],"replies":[{"embeddable":true,"href":"https:\/\/nestinmobiliaria.com\/index.php\/wp-json\/wp\/v2\/comments?post=1166"}],"version-history":[{"count":2,"href":"https:\/\/nestinmobiliaria.com\/index.php\/wp-json\/wp\/v2\/pages\/1166\/revisions"}],"predecessor-version":[{"id":1168,"href":"https:\/\/nestinmobiliaria.com\/index.php\/wp-json\/wp\/v2\/pages\/1166\/revisions\/1168"}],"wp:attachment":[{"href":"https:\/\/nestinmobiliaria.com\/index.php\/wp-json\/wp\/v2\/media?parent=1166"}],"curies":[{"name":"wp","href":"https:\/\/api.w.org\/{rel}","templated":true}]}}